{"id":17279,"date":"2022-04-04T08:32:44","date_gmt":"2022-04-04T08:32:44","guid":{"rendered":"http:\/\/ard-balade.com\/?post_type=product&#038;p=17279"},"modified":"2022-04-04T08:35:48","modified_gmt":"2022-04-04T08:35:48","slug":"affiche-17-art-series","status":"publish","type":"product","link":"http:\/\/ard-balade.com\/index.php\/produit\/affiche-17-art-series\/","title":{"rendered":"AFFICHE #17 &#8211; ART SERIES"},"content":{"rendered":"<p><strong>ARD ART SERIES <\/strong><br \/>\nAffiche au format 42 x 59,4 cm<br \/>\nImpression num\u00e9rique<br \/>\nPapier mat 300\/m2<br \/>\n25 exemplaires seulement<br \/>\nNum\u00e9rot\u00e9e et sign\u00e9e par l&rsquo;artiste <a href=\"https:\/\/www.instagram.com\/zuldel\/\" target=\"_blank\" rel=\"noopener noreferrer\">Zuldel <\/a>et <a href=\"https:\/\/www.instagram.com\/thomasledluz\/?hl=fr\">Thomas Le Dluz<\/a><\/p>\n","protected":false},"excerpt":{"rendered":"<p><strong>ARD ART SERIES <\/strong><br \/>\nAffiche au format 42 x 59,4 cm<br \/>\nImpression num\u00e9rique<br \/>\nPapier mat 300\/m2<br \/>\n25 exemplaires seulement<br \/>\nNum\u00e9rot\u00e9e et sign\u00e9e par l&rsquo;artiste <a href=\"https:\/\/www.instagram.com\/zuldel\/\" target=\"_blank\" rel=\"noopener noreferrer\">Zuldel <\/a>et <a href=\"https:\/\/www.instagram.com\/thomasledluz\/?hl=fr\">Thomas Le Dluz<\/a><\/p>\n","protected":false},"featured_media":17280,"template":"","meta":[],"_links":{"self":[{"href":"http:\/\/ard-balade.com\/index.php\/wp-json\/wp\/v2\/product\/17279"}],"collection":[{"href":"http:\/\/ard-balade.com\/index.php\/wp-json\/wp\/v2\/product"}],"about":[{"href":"http:\/\/ard-balade.com\/index.php\/wp-json\/wp\/v2\/types\/product"}],"wp:featuredmedia":[{"embeddable":true,"href":"http:\/\/ard-balade.com\/index.php\/wp-json\/wp\/v2\/media\/17280"}],"wp:attachment":[{"href":"http:\/\/ard-balade.com\/index.php\/wp-json\/wp\/v2\/media?parent=17279"}],"curies":[{"name":"wp","href":"https:\/\/api.w.org\/{rel}","templated":true}]}}