{"id":17004,"date":"2021-11-09T07:54:15","date_gmt":"2021-11-09T07:54:15","guid":{"rendered":"http:\/\/ard-balade.com\/?post_type=product&#038;p=17004"},"modified":"2022-10-12T09:10:02","modified_gmt":"2022-10-12T09:10:02","slug":"affiche-16","status":"publish","type":"product","link":"http:\/\/ard-balade.com\/index.php\/produit\/affiche-16\/","title":{"rendered":"AFFICHE #16 &#8211; ART SERIES"},"content":{"rendered":"<p><\/br><br \/>\n<strong>ARD ART SERIES <\/strong><br \/>\nAffiche au format 40 x 60 cm<br \/>\nS\u00e9rigraphie 3 couleurs<br \/>\nImprim\u00e9e en France par l&rsquo;<a href=\"http:\/\/www.atelierdugrandchic.com\/\" rel=\"noopener noreferrer\" target=\"_blank\">atelier du Grand Chic<\/a><br \/>\nPapier Woodstock Betulla 285g\/m2<br \/>\n30 exemplaires seulement<br \/>\nNum\u00e9rot\u00e9e et sign\u00e9e par l&rsquo;artiste <a href=\"https:\/\/www.instagram.com\/zuldel\/\" rel=\"noopener noreferrer\" target=\"_blank\">Zuldel<\/a><\/p>\n","protected":false},"excerpt":{"rendered":"<p><\/br><br \/>\n<strong>ARD ART SERIES <\/strong><br \/>\nAffiche au format 40 x 60 cm<br \/>\nS\u00e9rigraphie 3 couleurs<br \/>\nImprim\u00e9e en France par l&rsquo;<a href=\"http:\/\/www.atelierdugrandchic.com\/\" rel=\"noopener noreferrer\" target=\"_blank\">atelier du Grand Chic<\/a><br \/>\nPapier Woodstock Betulla 285g\/m2<br \/>\n25 exemplaires seulement<br \/>\nNum\u00e9rot\u00e9e et sign\u00e9e par l&rsquo;artiste <a href=\"https:\/\/www.instagram.com\/zuldel\/\" rel=\"noopener noreferrer\" target=\"_blank\">Zuldel<\/a><\/p>\n","protected":false},"featured_media":17005,"template":"","meta":[],"_links":{"self":[{"href":"http:\/\/ard-balade.com\/index.php\/wp-json\/wp\/v2\/product\/17004"}],"collection":[{"href":"http:\/\/ard-balade.com\/index.php\/wp-json\/wp\/v2\/product"}],"about":[{"href":"http:\/\/ard-balade.com\/index.php\/wp-json\/wp\/v2\/types\/product"}],"wp:featuredmedia":[{"embeddable":true,"href":"http:\/\/ard-balade.com\/index.php\/wp-json\/wp\/v2\/media\/17005"}],"wp:attachment":[{"href":"http:\/\/ard-balade.com\/index.php\/wp-json\/wp\/v2\/media?parent=17004"}],"curies":[{"name":"wp","href":"https:\/\/api.w.org\/{rel}","templated":true}]}}