{"id":16418,"date":"2019-04-17T14:39:27","date_gmt":"2019-04-17T14:39:27","guid":{"rendered":"http:\/\/ard-balade.com\/?page_id=16418"},"modified":"2019-04-20T12:47:31","modified_gmt":"2019-04-20T12:47:31","slug":"remerciements","status":"publish","type":"page","link":"http:\/\/ard-balade.com\/index.php\/remerciements\/","title":{"rendered":"REMERCIEMENTS"},"content":{"rendered":"<p>[vc_row row_type=\u00a0\u00bbrow\u00a0\u00bb use_row_as_full_screen_section=\u00a0\u00bbno\u00a0\u00bb type=\u00a0\u00bbfull_width\u00a0\u00bb angled_section=\u00a0\u00bbno\u00a0\u00bb text_align=\u00a0\u00bbcenter\u00a0\u00bb background_image_as_pattern=\u00a0\u00bbwithout_pattern\u00a0\u00bb css_animation=\u00a0\u00bb\u00a0\u00bb][vc_column width=\u00a0\u00bb1\/2&Prime;][vc_single_image image=\u00a0\u00bb16439&Prime; img_size=\u00a0\u00bbfull\u00a0\u00bb alignment=\u00a0\u00bbcenter\u00a0\u00bb qode_css_animation=\u00a0\u00bb\u00a0\u00bb][vc_separator type=\u00a0\u00bbtransparent\u00a0\u00bb up=\u00a0\u00bb23&Prime; down=\u00a0\u00bb0&Prime;][vc_column_text]<\/p>\n<h3 style=\"text-align: center;\">AMIS PHOTOGRAPHES<\/h3>\n<p>[\/vc_column_text][vc_separator type=\u00a0\u00bbtransparent\u00a0\u00bb up=\u00a0\u00bb23&Prime; down=\u00a0\u00bb0&Prime;][vc_separator type=\u00a0\u00bbtransparent\u00a0\u00bb up=\u00a0\u00bb23&Prime; down=\u00a0\u00bb0&Prime;][vc_column_text]<\/p>\n<h6 style=\"text-align: justify;\">Que vous soyez amateurs ou professionnel, nous vous remercions pour tous ces clich\u00e9s que vous nous offrez lors de nos \u00e9v\u00e9nements.<\/h6>\n<p>&nbsp;<\/p>\n<h6 style=\"text-align: justify;\">Dans un soucis de toujours mieux respecter vos droit, de respecter votre regard et de contribuer \u00e0 ce qu&rsquo;il soit reconnu, nous vous conseillons de signer vos photos directement sur celles-ci.<\/h6>\n<p>&nbsp;<\/p>\n<h6 style=\"text-align: justify;\">En effet, il est tr\u00e8s difficile pour nous et pour les personnes qui les utilisent de respecter les droits d&rsquo;auteurs si elles ne connaissent pas l&rsquo;auteur.<\/h6>\n<p>&nbsp;<\/p>\n<h6 style=\"text-align: justify;\">Merci de votre compr\u00e9hension et votre travail.<\/h6>\n<p>[\/vc_column_text][vc_separator type=\u00a0\u00bbtransparent\u00a0\u00bb up=\u00a0\u00bb23&Prime; down=\u00a0\u00bb0&Prime;][\/vc_column][vc_column width=\u00a0\u00bb1\/2&Prime;][vc_single_image image=\u00a0\u00bb16437&Prime; img_size=\u00a0\u00bbfull\u00a0\u00bb alignment=\u00a0\u00bbcenter\u00a0\u00bb qode_css_animation=\u00a0\u00bb\u00a0\u00bb][vc_separator type=\u00a0\u00bbtransparent\u00a0\u00bb up=\u00a0\u00bb23&Prime; down=\u00a0\u00bb0&Prime;][vc_column_text]<\/p>\n<h3 style=\"text-align: center;\">AMIS<\/h3>\n<h3 style=\"text-align: center;\">JOURNALISTES<\/h3>\n<p>[\/vc_column_text][vc_separator type=\u00a0\u00bbtransparent\u00a0\u00bb up=\u00a0\u00bb23&Prime; down=\u00a0\u00bb0&Prime;][vc_separator type=\u00a0\u00bbtransparent\u00a0\u00bb up=\u00a0\u00bb23&Prime; down=\u00a0\u00bb0&Prime;][vc_column_text]<\/p>\n<h6 style=\"text-align: justify;\">Nous vous remercions de l&rsquo;int\u00e9r\u00eat que vous portez \u00e0 notre association et aux \u00e9v\u00e8nements que nous cr\u00e9ons. Nous profitons de l&rsquo;occasion pour vous rappeler que les photographies pr\u00e9sent\u00e9es sur notre site et nos r\u00e9seaux sociaux sont prot\u00e9g\u00e9es par le droit d&rsquo;auteur et ne doivent en aucun cas \u00eatre publi\u00e9es sur un site internet ni diffus\u00e9es sur un support papier, quelqu&rsquo;il soit, sans l&rsquo;autorisation de son auteur.<\/h6>\n<p>&nbsp;<\/p>\n<h6 style=\"text-align: justify;\">Conform\u00e9ment au Code de la Propri\u00e9t\u00e9 Intellectuelle, seules sont autoris\u00e9es les \u00ab\u00a0copies ou reproductions strictement r\u00e9serv\u00e9es \u00e0 l&rsquo;usage priv\u00e9 du copiste et non destin\u00e9es \u00e0 une utilisation collective\u00a0\u00bb (art L122-5). Toute repr\u00e9sentation ou reproduction int\u00e9grale ou partielle, faite sans consentement de l&rsquo;auteur, est illicite (art L122-4) et constituera une contrefa\u00e7on sanctionn\u00e9e par les articles L 335-2 et suivants du Code de la Propri\u00e9t\u00e9 Intellectuelle..<\/h6>\n<p>&nbsp;<\/p>\n<h6 style=\"text-align: justify;\">Afin de vous aider nous demandons au photographes de signer leurs clich\u00e9s.<\/h6>\n<p>&nbsp;<\/p>\n<h6 style=\"text-align: justify;\">Merci pour votre compr\u00e9hension et votre travail.<\/h6>\n<p>[\/vc_column_text][vc_separator type=\u00a0\u00bbtransparent\u00a0\u00bb up=\u00a0\u00bb23&Prime; down=\u00a0\u00bb0&Prime;][\/vc_column][\/vc_row][vc_row row_type=\u00a0\u00bbrow\u00a0\u00bb use_row_as_full_screen_section=\u00a0\u00bbno\u00a0\u00bb type=\u00a0\u00bbfull_width\u00a0\u00bb angled_section=\u00a0\u00bbno\u00a0\u00bb text_align=\u00a0\u00bbleft\u00a0\u00bb background_image_as_pattern=\u00a0\u00bbwithout_pattern\u00a0\u00bb padding_top=\u00a0\u00bb70&Prime; padding_bottom=\u00a0\u00bb0&Prime; css_animation=\u00a0\u00bb\u00a0\u00bb][vc_column][vc_column_text]<\/p>\n<h3 style=\"text-align: center;\">MERCI \u00c0 NOS PARTENAIRES<\/h3>\n<p>[\/vc_column_text][\/vc_column][\/vc_row][vc_row row_type=\u00a0\u00bbrow\u00a0\u00bb use_row_as_full_screen_section=\u00a0\u00bbno\u00a0\u00bb type=\u00a0\u00bbfull_width\u00a0\u00bb angled_section=\u00a0\u00bbno\u00a0\u00bb text_align=\u00a0\u00bbleft\u00a0\u00bb background_image_as_pattern=\u00a0\u00bbwithout_pattern\u00a0\u00bb padding_top=\u00a0\u00bb70&Prime; padding_bottom=\u00a0\u00bb0&Prime; css_animation=\u00a0\u00bb\u00a0\u00bb][vc_column width=\u00a0\u00bb1\/4&Prime;][vc_single_image image=\u00a0\u00bb16383&Prime; img_size=\u00a0\u00bb350&#215;350&Prime; alignment=\u00a0\u00bbcenter\u00a0\u00bb onclick=\u00a0\u00bbcustom_link\u00a0\u00bb img_link_target=\u00a0\u00bb_blank\u00a0\u00bb qode_css_animation=\u00a0\u00bb\u00a0\u00bb link=\u00a0\u00bbhttps:\/\/www.slavi.mercedes-benz.fr\/fr\/desktop\/passenger-cars.html\u00a0\u00bb][vc_single_image image=\u00a0\u00bb16450&Prime; img_size=\u00a0\u00bb350&#215;350&Prime; alignment=\u00a0\u00bbcenter\u00a0\u00bb onclick=\u00a0\u00bbcustom_link\u00a0\u00bb img_link_target=\u00a0\u00bb_blank\u00a0\u00bb qode_css_animation=\u00a0\u00bb\u00a0\u00bb link=\u00a0\u00bbhttps:\/\/www.ca-aquitaine.fr\/banque-assurance\/hossegor\/hossegor.html\u00a0\u00bb][\/vc_column][vc_column width=\u00a0\u00bb1\/4&Prime;][vc_single_image image=\u00a0\u00bb16447&Prime; img_size=\u00a0\u00bb350&#215;350&Prime; alignment=\u00a0\u00bbcenter\u00a0\u00bb onclick=\u00a0\u00bbcustom_link\u00a0\u00bb img_link_target=\u00a0\u00bb_blank\u00a0\u00bb qode_css_animation=\u00a0\u00bb\u00a0\u00bb link=\u00a0\u00bbhttps:\/\/www.yannzuldel.com\/\u00a0\u00bb][\/vc_column][vc_column width=\u00a0\u00bb1\/4&Prime;][vc_single_image image=\u00a0\u00bb16449&Prime; img_size=\u00a0\u00bb350&#215;350&Prime; alignment=\u00a0\u00bbcenter\u00a0\u00bb onclick=\u00a0\u00bbcustom_link\u00a0\u00bb img_link_target=\u00a0\u00bb_blank\u00a0\u00bb qode_css_animation=\u00a0\u00bb\u00a0\u00bb link=\u00a0\u00bbhttp:\/\/www.hossegor.fr\/fr\/commerces-services\/taxis\/detail\/dickies-store\/\u00a0\u00bb][\/vc_column][vc_column width=\u00a0\u00bb1\/4&Prime;][vc_single_image image=\u00a0\u00bb16448&Prime; img_size=\u00a0\u00bb350&#215;350&Prime; alignment=\u00a0\u00bbcenter\u00a0\u00bb onclick=\u00a0\u00bbcustom_link\u00a0\u00bb img_link_target=\u00a0\u00bb_blank\u00a0\u00bb qode_css_animation=\u00a0\u00bb\u00a0\u00bb link=\u00a0\u00bbhttps:\/\/www.facebook.com\/pierrondiane\/\u00a0\u00bb][\/vc_column][\/vc_row][vc_row row_type=\u00a0\u00bbrow\u00a0\u00bb use_row_as_full_screen_section=\u00a0\u00bbno\u00a0\u00bb type=\u00a0\u00bbfull_width\u00a0\u00bb angled_section=\u00a0\u00bbno\u00a0\u00bb text_align=\u00a0\u00bbleft\u00a0\u00bb background_image_as_pattern=\u00a0\u00bbwithout_pattern\u00a0\u00bb css_animation=\u00a0\u00bb\u00a0\u00bb][vc_column][vc_separator type=\u00a0\u00bbnormal\u00a0\u00bb color=\u00a0\u00bbrgba(255,255,255,0.01)\u00a0\u00bb up=\u00a0\u00bb23&Prime;][\/vc_column][\/vc_row]<\/p>\n","protected":false},"excerpt":{"rendered":"<p>[vc_row row_type=\u00a0\u00bbrow\u00a0\u00bb use_row_as_full_screen_section=\u00a0\u00bbno\u00a0\u00bb type=\u00a0\u00bbfull_width\u00a0\u00bb angled_section=\u00a0\u00bbno\u00a0\u00bb text_align=\u00a0\u00bbcenter\u00a0\u00bb background_image_as_pattern=\u00a0\u00bbwithout_pattern\u00a0\u00bb css_animation=\u00a0\u00bb\u00a0\u00bb][vc_column width=\u00a0\u00bb1\/2&Prime;][vc_single_image image=\u00a0\u00bb16439&Prime; img_size=\u00a0\u00bbfull\u00a0\u00bb alignment=\u00a0\u00bbcenter\u00a0\u00bb qode_css_animation=\u00a0\u00bb\u00a0\u00bb][vc_separator type=\u00a0\u00bbtransparent\u00a0\u00bb up=\u00a0\u00bb23&Prime; down=\u00a0\u00bb0&Prime;][vc_column_text] AMIS PHOTOGRAPHES [\/vc_column_text][vc_separator type=\u00a0\u00bbtransparent\u00a0\u00bb up=\u00a0\u00bb23&Prime; down=\u00a0\u00bb0&Prime;][vc_separator type=\u00a0\u00bbtransparent\u00a0\u00bb up=\u00a0\u00bb23&Prime; down=\u00a0\u00bb0&Prime;][vc_column_text] Que vous soyez amateurs ou professionnel, nous vous remercions pour tous ces clich\u00e9s que vous nous offrez lors de nos&#8230;<\/p>\n","protected":false},"author":1,"featured_media":0,"parent":0,"menu_order":0,"comment_status":"open","ping_status":"open","template":"","meta":[],"_links":{"self":[{"href":"http:\/\/ard-balade.com\/index.php\/wp-json\/wp\/v2\/pages\/16418"}],"collection":[{"href":"http:\/\/ard-balade.com\/index.php\/wp-json\/wp\/v2\/pages"}],"about":[{"href":"http:\/\/ard-balade.com\/index.php\/wp-json\/wp\/v2\/types\/page"}],"author":[{"embeddable":true,"href":"http:\/\/ard-balade.com\/index.php\/wp-json\/wp\/v2\/users\/1"}],"replies":[{"embeddable":true,"href":"http:\/\/ard-balade.com\/index.php\/wp-json\/wp\/v2\/comments?post=16418"}],"version-history":[{"count":24,"href":"http:\/\/ard-balade.com\/index.php\/wp-json\/wp\/v2\/pages\/16418\/revisions"}],"predecessor-version":[{"id":16451,"href":"http:\/\/ard-balade.com\/index.php\/wp-json\/wp\/v2\/pages\/16418\/revisions\/16451"}],"wp:attachment":[{"href":"http:\/\/ard-balade.com\/index.php\/wp-json\/wp\/v2\/media?parent=16418"}],"curies":[{"name":"wp","href":"https:\/\/api.w.org\/{rel}","templated":true}]}}