{"id":15323,"date":"2015-04-16T09:15:16","date_gmt":"2015-04-16T09:15:16","guid":{"rendered":"http:\/\/demo.qodeinteractive.com\/bridge73\/?page_id=15323"},"modified":"2025-09-11T08:18:14","modified_gmt":"2025-09-11T08:18:14","slug":"leprochainrdv","status":"publish","type":"page","link":"http:\/\/ard-balade.com\/index.php\/leprochainrdv\/","title":{"rendered":"LE PROCHAIN RDV"},"content":{"rendered":"<p>[vc_row css_animation=\u00a0\u00bb\u00a0\u00bb row_type=\u00a0\u00bbrow\u00a0\u00bb use_row_as_full_screen_section=\u00a0\u00bbno\u00a0\u00bb type=\u00a0\u00bbfull_width\u00a0\u00bb angled_section=\u00a0\u00bbno\u00a0\u00bb text_align=\u00a0\u00bbcenter\u00a0\u00bb background_image_as_pattern=\u00a0\u00bbwithout_pattern\u00a0\u00bb][vc_column width=\u00a0\u00bb1\/2&Prime;][vc_empty_space height=\u00a0\u00bb80&Prime;][vc_single_image image=\u00a0\u00bb17315&Prime; img_size=\u00a0\u00bbfull\u00a0\u00bb alignment=\u00a0\u00bbright\u00a0\u00bb qode_css_animation=\u00a0\u00bb\u00a0\u00bb][\/vc_column][vc_column width=\u00a0\u00bb1\/2&Prime;][vc_single_image image=\u00a0\u00bb15839&Prime; img_size=\u00a0\u00bbfull\u00a0\u00bb alignment=\u00a0\u00bbcenter\u00a0\u00bb qode_css_animation=\u00a0\u00bb\u00a0\u00bb][vc_separator type=\u00a0\u00bbtransparent\u00a0\u00bb up=\u00a0\u00bb23&Prime; down=\u00a0\u00bb0&Prime;][vc_column_text]<\/p>\n<h3 style=\"text-align: center;\">WEEK END RIDE<\/h3>\n<h3 style=\"text-align: center;\">4 &amp; 5 oCTOBRE 2025<\/h3>\n<p>[\/vc_column_text][vc_separator type=\u00a0\u00bbtransparent\u00a0\u00bb up=\u00a0\u00bb23&Prime; down=\u00a0\u00bb0&Prime;][vc_separator type=\u00a0\u00bbtransparent\u00a0\u00bb up=\u00a0\u00bb23&Prime; down=\u00a0\u00bb0&Prime;][vc_column_text]<\/p>\n<p style=\"text-align: left;\">C&rsquo;est avec un immense plaisir que nous vous convions \u00e0 un Hors-S\u00e9rie \u00e9pique des balades ARD.<br \/>\nLe temps d&rsquo;un week end on se retrouve \u00e0 50 motards\/participants pour deux jours d&rsquo;\u00e9vasion dans nos Pyr\u00e9n\u00e9es de coeur.<\/p>\n<p style=\"text-align: left;\">Cette sortie se d\u00e9roulera au d\u00e9part de la Brasserie des Motards (B.D.M.) Rue du Colonel Melville Lynch, 64600 Anglet.On vous attend comme d&rsquo;habitude d\u00e8s 9h avec caf\u00e9 et viennoiseries puis premiers d\u00e9parts en petits groupes entre 10 et 11h.<\/p>\n<p style=\"text-align: left;\">On part sur une balade pyr\u00e9n\u00e9enne avec de magnifiques virages comme on les appr\u00e9cie !<\/p>\n<p style=\"text-align: left;\">Les repas du midi sont \u00e0 prendre en charge de v\u00f4tre c\u00f4t\u00e9 sinon pour le reste avec votre ticket : \u00bd pension assur\u00e9e : petit d\u00e9jeuner, repas du samedi soir et boissons incluses.<\/p>\n<p style=\"text-align: left;\">Nous logerons au Camping Anz\u00e1nigo, le camping motard des Pyr\u00e9en\u00e9es !<\/p>\n<p style=\"text-align: left;\"><strong>3 possibilit\u00e9s pour le couchage :<\/strong><br \/>\n&#8211; chambre double<br \/>\n&#8211; chambre Twins, avec deux lit individuels<br \/>\n&#8211; le dortoir (pensez au boules Qui\u00e8s \ud83d\ude09 )<\/p>\n<p style=\"text-align: left;\">Pour le repas du soir, le menu entr\u00e9e, plat, dessert + boisson vous sera communiqu\u00e9 15 jours avant notre d\u00e9part.<\/p>\n<p style=\"text-align: left;\">La balade se terminera le dimanche par un retour sur le BAB<\/p>\n<p style=\"text-align: left;\">Venez nombreux et chauds motiv\u00e9s !<\/p>\n<p style=\"text-align: left;\">La team ARD<\/p>\n<p style=\"text-align: left;\"><strong>\u00ab\u00a0Na\u00eet ARDeur celui qui sait se perdre\u00a0\u00bb\u00a0:<br \/>\nL\u2019ARD, ce sont les participants qui la cr\u00e9ent.<\/strong><\/p>\n<p>[\/vc_column_text][vc_separator type=\u00a0\u00bbtransparent\u00a0\u00bb up=\u00a0\u00bb23&Prime; down=\u00a0\u00bb0&Prime;]<a  href=\"https:\/\/www.helloasso.com\/associations\/authentic-riding-day\/evenements\/ard-hors-serie-sur-2-jours?fbclid=PAZXh0bgNhZW0CMTEAAacRZfgUsg72No6bYRrOOFavtIaIDgxhoqt3jXWnRcILDcs7gnrSqGrTrmPrWA_aem_-ig-M-691o_XoGf0FvBkDg\" target=\"_blank\"  class=\"qbutton  big_large_full_width\" style=\"font-weight: 700; \">S'INSCRIRE \u00c0 LA RIDE SUR 2 JOURS<\/a>[\/vc_column][\/vc_row][vc_row css_animation=\u00a0\u00bb\u00a0\u00bb row_type=\u00a0\u00bbrow\u00a0\u00bb use_row_as_full_screen_section=\u00a0\u00bbno\u00a0\u00bb type=\u00a0\u00bbfull_width\u00a0\u00bb angled_section=\u00a0\u00bbno\u00a0\u00bb text_align=\u00a0\u00bbleft\u00a0\u00bb background_image_as_pattern=\u00a0\u00bbwithout_pattern\u00a0\u00bb padding_top=\u00a0\u00bb70&Prime; padding_bottom=\u00a0\u00bb0&Prime;][vc_column offset=\u00a0\u00bbvc_col-lg-offset-2 vc_col-lg-8 vc_col-md-offset-1 vc_col-md-10&Prime;][vc_single_image image=\u00a0\u00bb15838&Prime; img_size=\u00a0\u00bbfull\u00a0\u00bb alignment=\u00a0\u00bbcenter\u00a0\u00bb qode_css_animation=\u00a0\u00bb\u00a0\u00bb][vc_separator type=\u00a0\u00bbtransparent\u00a0\u00bb up=\u00a0\u00bb23&Prime; down=\u00a0\u00bb0&Prime;][vc_column_text]<\/p>\n<h3 style=\"text-align: center;\">LE\u00a0D\u00c9PART<\/h3>\n<p>[\/vc_column_text][vc_separator type=\u00a0\u00bbtransparent\u00a0\u00bb up=\u00a0\u00bb15&Prime; down=\u00a0\u00bb0&Prime;][vc_column_text]<\/p>\n<p style=\"text-align: center;\">Rendez-vous chez nos amis de <a href=\"https:\/\/www.instagram.com\/brasserie_du_motard\/\" target=\"_blank\" rel=\"noopener\">Brasserie des Motards (B.D.M.)<\/a> \u00e0 Anglet (64)<\/p>\n<p>[\/vc_column_text][\/vc_column][\/vc_row][vc_row css_animation=\u00a0\u00bb\u00a0\u00bb row_type=\u00a0\u00bbrow\u00a0\u00bb use_row_as_full_screen_section=\u00a0\u00bbno\u00a0\u00bb type=\u00a0\u00bbfull_width\u00a0\u00bb angled_section=\u00a0\u00bbno\u00a0\u00bb text_align=\u00a0\u00bbleft\u00a0\u00bb background_image_as_pattern=\u00a0\u00bbwithout_pattern\u00a0\u00bb padding_top=\u00a0\u00bb70&Prime;][vc_column][vc_raw_html]JTNDaWZyYW1lJTIwc3JjJTNEJTIyaHR0cHMlM0ElMkYlMkZ3d3cuZ29vZ2xlLmNvbSUyRm1hcHMlMkZlbWJlZCUzRnBiJTNEJTIxMW0xOCUyMTFtMTIlMjExbTMlMjExZDQwNjQuNTk1NDkzMTAwNzkyJTIxMmQtMS41MDIwNTI0MjI4ODM2Mjk2JTIxM2Q0My40NjU5OTE4NzExMTE4NCUyMTJtMyUyMTFmMCUyMTJmMCUyMTNmMCUyMTNtMiUyMTFpMTAyNCUyMTJpNzY4JTIxNGYxMy4xJTIxM20zJTIxMW0yJTIxMXMweGQ1MTNmNDAzYjg2NDUwOSUyNTNBMHhjYmY3NzdmMjQ5OWFkMmMyJTIxMnNCcmFzc2VyaWUlMjUyMER1JTI1MjBNb3RhcmQlMjUyMCUyOEIuRC5NJTI5JTIxNWUxJTIxM20yJTIxMXNmciUyMTJzZnIlMjE0djE3NTc1Nzg1NzQ3MTklMjE1bTIlMjExc2ZyJTIxMnNmciUyMiUyMHdpZHRoJTNEJTIyNjAwJTIyJTIwaGVpZ2h0JTNEJTIyNDUwJTIyJTIwc3R5bGUlM0QlMjJib3JkZXIlM0EwJTNCJTIyJTIwYWxsb3dmdWxsc2NyZWVuJTNEJTIyJTIyJTIwbG9hZGluZyUzRCUyMmxhenklMjIlMjByZWZlcnJlcnBvbGljeSUzRCUyMm5vLXJlZmVycmVyLXdoZW4tZG93bmdyYWRlJTIyJTNFJTNDJTJGaWZyYW1lJTNF[\/vc_raw_html][vc_empty_space height=\u00a0\u00bb50px\u00a0\u00bb][vc_empty_space height=\u00a0\u00bb50px\u00a0\u00bb][\/vc_column][\/vc_row][vc_row css_animation=\u00a0\u00bb\u00a0\u00bb row_type=\u00a0\u00bbrow\u00a0\u00bb use_row_as_full_screen_section=\u00a0\u00bbno\u00a0\u00bb type=\u00a0\u00bbfull_width\u00a0\u00bb angled_section=\u00a0\u00bbno\u00a0\u00bb text_align=\u00a0\u00bbleft\u00a0\u00bb background_image_as_pattern=\u00a0\u00bbwithout_pattern\u00a0\u00bb padding_top=\u00a0\u00bb70&Prime; padding_bottom=\u00a0\u00bb0&Prime;][vc_column offset=\u00a0\u00bbvc_col-lg-offset-2 vc_col-lg-8 vc_col-md-offset-1 vc_col-md-10&Prime;][vc_empty_space height=\u00a0\u00bb90px\u00a0\u00bb][vc_single_image image=\u00a0\u00bb15836&Prime; img_size=\u00a0\u00bbfull\u00a0\u00bb alignment=\u00a0\u00bbcenter\u00a0\u00bb qode_css_animation=\u00a0\u00bb\u00a0\u00bb][vc_separator type=\u00a0\u00bbtransparent\u00a0\u00bb up=\u00a0\u00bb23&Prime; down=\u00a0\u00bb0&Prime;][vc_column_text]<\/p>\n<h3 style=\"text-align: center;\">MERCI \u00c0 NOS PARTENAIRES POUR CETTE \u00c9DITION<\/h3>\n<p>[\/vc_column_text][vc_separator type=\u00a0\u00bbtransparent\u00a0\u00bb up=\u00a0\u00bb15&Prime; down=\u00a0\u00bb0&Prime;][vc_empty_space height=\u00a0\u00bb90px\u00a0\u00bb][\/vc_column][\/vc_row][vc_row css_animation=\u00a0\u00bb\u00a0\u00bb row_type=\u00a0\u00bbrow\u00a0\u00bb use_row_as_full_screen_section=\u00a0\u00bbno\u00a0\u00bb type=\u00a0\u00bbfull_width\u00a0\u00bb angled_section=\u00a0\u00bbno\u00a0\u00bb text_align=\u00a0\u00bbleft\u00a0\u00bb background_image_as_pattern=\u00a0\u00bbwithout_pattern\u00a0\u00bb padding_top=\u00a0\u00bb70&Prime;][vc_column css=\u00a0\u00bb.vc_custom_1484760641632{padding-bottom: 20px !important;}\u00a0\u00bb][vc_column_text]<\/p>\n<h5>SECURITE :<\/h5>\n<p>Respecter strictement le code de la route, NE PAS BOIRE D\u2019ALCOOL AVANT DE PRENDRE LA ROUTE, rouler \u00e0 son rythme entre les points de RDV, circuler en quinconces et \u00eatre attentif aux motos devant et derri\u00e8re vous. Le plein d\u2019essence doit \u00eatre fait la veille du d\u00e9placement. Chaque d\u00e9part se fait par petit groupe de motos \u00e0 intervalle r\u00e9gulier.<\/p>\n<p>CHAQUE PARTICIPANT EST TENU D\u2019\u00caTRE EN CONFORMIT\u00c9 AVEC LES DISPOSITIONS L\u00c9GALES (PAPIERS, ASSURANCE, RESPECT DU CODE DE LA ROUTE, ETC). &#8211; LES ORGANISATEURS DE L\u2019ARD N\u2019ENGAGENT AUCUNEMENT LEURS RESPONSABILIT\u00c9S.[\/vc_column_text][vc_empty_space height=\u00a0\u00bb50px\u00a0\u00bb][\/vc_column][\/vc_row]<\/p>\n","protected":false},"excerpt":{"rendered":"<p>[vc_row css_animation=\u00a0\u00bb\u00a0\u00bb row_type=\u00a0\u00bbrow\u00a0\u00bb use_row_as_full_screen_section=\u00a0\u00bbno\u00a0\u00bb type=\u00a0\u00bbfull_width\u00a0\u00bb angled_section=\u00a0\u00bbno\u00a0\u00bb text_align=\u00a0\u00bbcenter\u00a0\u00bb background_image_as_pattern=\u00a0\u00bbwithout_pattern\u00a0\u00bb][vc_column width=\u00a0\u00bb1\/2&Prime;][vc_empty_space height=\u00a0\u00bb80&Prime;][vc_single_image image=\u00a0\u00bb17315&Prime; img_size=\u00a0\u00bbfull\u00a0\u00bb alignment=\u00a0\u00bbright\u00a0\u00bb qode_css_animation=\u00a0\u00bb\u00a0\u00bb][\/vc_column][vc_column width=\u00a0\u00bb1\/2&Prime;][vc_single_image image=\u00a0\u00bb15839&Prime; img_size=\u00a0\u00bbfull\u00a0\u00bb alignment=\u00a0\u00bbcenter\u00a0\u00bb qode_css_animation=\u00a0\u00bb\u00a0\u00bb][vc_separator type=\u00a0\u00bbtransparent\u00a0\u00bb up=\u00a0\u00bb23&Prime; down=\u00a0\u00bb0&Prime;][vc_column_text] WEEK END RIDE 4 &amp; 5 oCTOBRE 2025 [\/vc_column_text][vc_separator type=\u00a0\u00bbtransparent\u00a0\u00bb up=\u00a0\u00bb23&Prime; down=\u00a0\u00bb0&Prime;][vc_separator type=\u00a0\u00bbtransparent\u00a0\u00bb up=\u00a0\u00bb23&Prime; down=\u00a0\u00bb0&Prime;][vc_column_text] C&rsquo;est avec un immense plaisir que nous vous&#8230;<\/p>\n","protected":false},"author":1,"featured_media":0,"parent":0,"menu_order":0,"comment_status":"open","ping_status":"open","template":"","meta":[],"_links":{"self":[{"href":"http:\/\/ard-balade.com\/index.php\/wp-json\/wp\/v2\/pages\/15323"}],"collection":[{"href":"http:\/\/ard-balade.com\/index.php\/wp-json\/wp\/v2\/pages"}],"about":[{"href":"http:\/\/ard-balade.com\/index.php\/wp-json\/wp\/v2\/types\/page"}],"author":[{"embeddable":true,"href":"http:\/\/ard-balade.com\/index.php\/wp-json\/wp\/v2\/users\/1"}],"replies":[{"embeddable":true,"href":"http:\/\/ard-balade.com\/index.php\/wp-json\/wp\/v2\/comments?post=15323"}],"version-history":[{"count":230,"href":"http:\/\/ard-balade.com\/index.php\/wp-json\/wp\/v2\/pages\/15323\/revisions"}],"predecessor-version":[{"id":17318,"href":"http:\/\/ard-balade.com\/index.php\/wp-json\/wp\/v2\/pages\/15323\/revisions\/17318"}],"wp:attachment":[{"href":"http:\/\/ard-balade.com\/index.php\/wp-json\/wp\/v2\/media?parent=15323"}],"curies":[{"name":"wp","href":"https:\/\/api.w.org\/{rel}","templated":true}]}}