{"id":15255,"date":"2015-04-09T13:26:37","date_gmt":"2015-04-09T13:26:37","guid":{"rendered":"http:\/\/demo.qodeinteractive.com\/bridge71\/?page_id=15255"},"modified":"2019-04-17T17:33:03","modified_gmt":"2019-04-17T17:33:03","slug":"homepage","status":"publish","type":"page","link":"http:\/\/ard-balade.com\/","title":{"rendered":"Homepage"},"content":{"rendered":"<p>[vc_row row_type=\u00a0\u00bbrow\u00a0\u00bb use_row_as_full_screen_section=\u00a0\u00bbno\u00a0\u00bb type=\u00a0\u00bbfull_width\u00a0\u00bb angled_section=\u00a0\u00bbno\u00a0\u00bb text_align=\u00a0\u00bbleft\u00a0\u00bb background_image_as_pattern=\u00a0\u00bbwithout_pattern\u00a0\u00bb css_animation=\u00a0\u00bb\u00a0\u00bb][vc_column width=\u00a0\u00bb1\/6&Prime;][\/vc_column][vc_column width=\u00a0\u00bb2\/3&Prime;][vc_empty_space][vc_single_image image=\u00a0\u00bb15851&Prime; img_size=\u00a0\u00bbfull\u00a0\u00bb alignment=\u00a0\u00bbcenter\u00a0\u00bb qode_css_animation=\u00a0\u00bb\u00a0\u00bb][vc_separator type=\u00a0\u00bbtransparent\u00a0\u00bb up=\u00a0\u00bb23&Prime; down=\u00a0\u00bb0&Prime;][vc_column_text]<\/p>\n<h3 style=\"text-align: center;\">SUIVEZ NOTRE INSTAGRAM<\/h3>\n<p>[\/vc_column_text][vc_separator type=\u00a0\u00bbtransparent\u00a0\u00bb up=\u00a0\u00bb15&Prime; down=\u00a0\u00bb0&Prime;][vc_column_text]\r\n<div id=\"sb_instagram\" class=\"sbi sbi_col_3  sbi_width_resp\" style=\"padding-bottom: 40px;background-color: rgb(255,255,255);width: 100%;\" data-feedid=\"sbi_17841400126956950#6\" data-res=\"full\" data-cols=\"3\" data-num=\"6\" data-shortcode-atts=\"{}\"  data-sbi-flags=\"favorLocal\">\r\n\t\r\n    <div id=\"sbi_images\" style=\"padding: 20px;\">\r\n\t\t<div class=\"sbi_item sbi_type_carousel sbi_new sbi_transition\" id=\"sbi_17938405067650457\" data-date=\"1684319492\">\r\n    <div class=\"sbi_photo_wrap\">\r\n        <a class=\"sbi_photo\" href=\"https:\/\/www.instagram.com\/p\/CsV0uE8Kiu5\/\" target=\"_blank\" rel=\"noopener nofollow\" data-full-res=\"https:\/\/scontent-cdg4-1.cdninstagram.com\/v\/t51.29350-15\/347028724_1295086634430862_1829258654395029378_n.jpg?_nc_cat=110&#038;ccb=1-7&#038;_nc_sid=8ae9d6&#038;_nc_ohc=WMnXsX1gV1kAX8yggZN&#038;_nc_ht=scontent-cdg4-1.cdninstagram.com&#038;edm=ANo9K5cEAAAA&#038;oh=00_AfCGctKw7J7eYrz4itO9aQbWTOkkL20lo32zqh9cFvXJHw&#038;oe=6472DD49\" data-img-src-set=\"{&quot;d&quot;:&quot;https:\\\/\\\/scontent-cdg4-1.cdninstagram.com\\\/v\\\/t51.29350-15\\\/347028724_1295086634430862_1829258654395029378_n.jpg?_nc_cat=110&amp;ccb=1-7&amp;_nc_sid=8ae9d6&amp;_nc_ohc=WMnXsX1gV1kAX8yggZN&amp;_nc_ht=scontent-cdg4-1.cdninstagram.com&amp;edm=ANo9K5cEAAAA&amp;oh=00_AfCGctKw7J7eYrz4itO9aQbWTOkkL20lo32zqh9cFvXJHw&amp;oe=6472DD49&quot;,&quot;150&quot;:&quot;https:\\\/\\\/scontent-cdg4-1.cdninstagram.com\\\/v\\\/t51.29350-15\\\/347028724_1295086634430862_1829258654395029378_n.jpg?_nc_cat=110&amp;ccb=1-7&amp;_nc_sid=8ae9d6&amp;_nc_ohc=WMnXsX1gV1kAX8yggZN&amp;_nc_ht=scontent-cdg4-1.cdninstagram.com&amp;edm=ANo9K5cEAAAA&amp;oh=00_AfCGctKw7J7eYrz4itO9aQbWTOkkL20lo32zqh9cFvXJHw&amp;oe=6472DD49&quot;,&quot;320&quot;:&quot;http:\\\/\\\/ard-balade.com\\\/wp-content\\\/uploads\\\/sb-instagram-feed-images\\\/347028724_1295086634430862_1829258654395029378_nlow.jpg&quot;,&quot;640&quot;:&quot;http:\\\/\\\/ard-balade.com\\\/wp-content\\\/uploads\\\/sb-instagram-feed-images\\\/347028724_1295086634430862_1829258654395029378_nfull.jpg&quot;}\">\r\n            <span class=\"sbi-screenreader\">\ud83e\udd72\ud83e\udd72\ud83e\udd72<\/span>\r\n            <svg class=\"svg-inline--fa fa-clone fa-w-16 sbi_lightbox_carousel_icon\" aria-hidden=\"true\" aria-label=\"Clone\" data-fa-pro\u0192cessed=\"\" data-prefix=\"far\" data-icon=\"clone\" role=\"img\" xmlns=\"http:\/\/www.w3.org\/2000\/svg\" viewBox=\"0 0 512 512\">\r\n\t                <path fill=\"currentColor\" d=\"M464 0H144c-26.51 0-48 21.49-48 48v48H48c-26.51 0-48 21.49-48 48v320c0 26.51 21.49 48 48 48h320c26.51 0 48-21.49 48-48v-48h48c26.51 0 48-21.49 48-48V48c0-26.51-21.49-48-48-48zM362 464H54a6 6 0 0 1-6-6V150a6 6 0 0 1 6-6h42v224c0 26.51 21.49 48 48 48h224v42a6 6 0 0 1-6 6zm96-96H150a6 6 0 0 1-6-6V54a6 6 0 0 1 6-6h308a6 6 0 0 1 6 6v308a6 6 0 0 1-6 6z\"><\/path>\r\n\t            <\/svg>\t                    <img src=\"http:\/\/ard-balade.com\/wp-content\/plugins\/instagram-feed\/img\/placeholder.png\" alt=\"\ud83e\udd72\ud83e\udd72\ud83e\udd72\">\r\n        <\/a>\r\n    <\/div>\r\n<\/div><div class=\"sbi_item sbi_type_image sbi_new sbi_transition\" id=\"sbi_18294071161096675\" data-date=\"1683897066\">\r\n    <div class=\"sbi_photo_wrap\">\r\n        <a class=\"sbi_photo\" href=\"https:\/\/www.instagram.com\/p\/CsJPAX3qnDh\/\" target=\"_blank\" rel=\"noopener nofollow\" data-full-res=\"https:\/\/scontent-cdg4-3.cdninstagram.com\/v\/t51.29350-15\/345751494_104090336021497_7521278091580794847_n.jpg?_nc_cat=106&#038;ccb=1-7&#038;_nc_sid=8ae9d6&#038;_nc_ohc=5gadmUo4ryMAX-oVSbu&#038;_nc_ht=scontent-cdg4-3.cdninstagram.com&#038;edm=ANo9K5cEAAAA&#038;oh=00_AfAcCzuCgE2k1lw5sAv9k4tCd_aIsJHct00x7HiU2Ub0Bw&#038;oe=64733962\" data-img-src-set=\"{&quot;d&quot;:&quot;https:\\\/\\\/scontent-cdg4-3.cdninstagram.com\\\/v\\\/t51.29350-15\\\/345751494_104090336021497_7521278091580794847_n.jpg?_nc_cat=106&amp;ccb=1-7&amp;_nc_sid=8ae9d6&amp;_nc_ohc=5gadmUo4ryMAX-oVSbu&amp;_nc_ht=scontent-cdg4-3.cdninstagram.com&amp;edm=ANo9K5cEAAAA&amp;oh=00_AfAcCzuCgE2k1lw5sAv9k4tCd_aIsJHct00x7HiU2Ub0Bw&amp;oe=64733962&quot;,&quot;150&quot;:&quot;https:\\\/\\\/scontent-cdg4-3.cdninstagram.com\\\/v\\\/t51.29350-15\\\/345751494_104090336021497_7521278091580794847_n.jpg?_nc_cat=106&amp;ccb=1-7&amp;_nc_sid=8ae9d6&amp;_nc_ohc=5gadmUo4ryMAX-oVSbu&amp;_nc_ht=scontent-cdg4-3.cdninstagram.com&amp;edm=ANo9K5cEAAAA&amp;oh=00_AfAcCzuCgE2k1lw5sAv9k4tCd_aIsJHct00x7HiU2Ub0Bw&amp;oe=64733962&quot;,&quot;320&quot;:&quot;http:\\\/\\\/ard-balade.com\\\/wp-content\\\/uploads\\\/sb-instagram-feed-images\\\/345751494_104090336021497_7521278091580794847_nlow.jpg&quot;,&quot;640&quot;:&quot;http:\\\/\\\/ard-balade.com\\\/wp-content\\\/uploads\\\/sb-instagram-feed-images\\\/345751494_104090336021497_7521278091580794847_nfull.jpg&quot;}\">\r\n            <span class=\"sbi-screenreader\">\u26a0\ufe0f\u26a0\ufe0fATTENTION REPORT\u26a0\ufe0f\u26a0\ufe0f\n\nL\u2019ARD <\/span>\r\n            \t                    <img src=\"http:\/\/ard-balade.com\/wp-content\/plugins\/instagram-feed\/img\/placeholder.png\" alt=\"\u26a0\ufe0f\u26a0\ufe0fATTENTION REPORT\u26a0\ufe0f\u26a0\ufe0f\n\nL\u2019ARD #18 du samedi 13 mai est report\u00e9e au samedi 20 mai en raison des conditions m\u00e9t\u00e9o.\n\nSi vous \u00eates d\u00e9j\u00e0 inscrit.e ,votre billet est valable pour samedi prochain.\n\nLes inscriptions sont ouvertes jusqu\u2019\u00e0 mercredi prochain pour les autres.\n\nAu cas o\u00f9 vous souhaitez vous faire rembourser, merci de nous envoyer un mail avec le nom le pr\u00e9nom et l\u2019adresse mail \u00e0 laquelle vous vous \u00eates inscrit.e afin de proc\u00e9der \u00e0 votre remboursement !\n\nMerci pour votre compr\u00e9hension.\n\nLa team ARD\">\r\n        <\/a>\r\n    <\/div>\r\n<\/div><div class=\"sbi_item sbi_type_image sbi_new sbi_transition\" id=\"sbi_17869246514873613\" data-date=\"1680119943\">\r\n    <div class=\"sbi_photo_wrap\">\r\n        <a class=\"sbi_photo\" href=\"https:\/\/www.instagram.com\/p\/CqYqtxNqiLs\/\" target=\"_blank\" rel=\"noopener nofollow\" data-full-res=\"https:\/\/scontent-cdg4-2.cdninstagram.com\/v\/t51.29350-15\/338762088_5657463827693420_1381297036628174915_n.jpg?_nc_cat=103&#038;ccb=1-7&#038;_nc_sid=8ae9d6&#038;_nc_ohc=-LOzHiUiSikAX_nJij3&#038;_nc_ht=scontent-cdg4-2.cdninstagram.com&#038;edm=ANo9K5cEAAAA&#038;oh=00_AfBhiZcjzOsBe7NR_NDzA9X186qdfVY20H9T9a6H04h7aw&#038;oe=64737FDD\" data-img-src-set=\"{&quot;d&quot;:&quot;https:\\\/\\\/scontent-cdg4-2.cdninstagram.com\\\/v\\\/t51.29350-15\\\/338762088_5657463827693420_1381297036628174915_n.jpg?_nc_cat=103&amp;ccb=1-7&amp;_nc_sid=8ae9d6&amp;_nc_ohc=-LOzHiUiSikAX_nJij3&amp;_nc_ht=scontent-cdg4-2.cdninstagram.com&amp;edm=ANo9K5cEAAAA&amp;oh=00_AfBhiZcjzOsBe7NR_NDzA9X186qdfVY20H9T9a6H04h7aw&amp;oe=64737FDD&quot;,&quot;150&quot;:&quot;https:\\\/\\\/scontent-cdg4-2.cdninstagram.com\\\/v\\\/t51.29350-15\\\/338762088_5657463827693420_1381297036628174915_n.jpg?_nc_cat=103&amp;ccb=1-7&amp;_nc_sid=8ae9d6&amp;_nc_ohc=-LOzHiUiSikAX_nJij3&amp;_nc_ht=scontent-cdg4-2.cdninstagram.com&amp;edm=ANo9K5cEAAAA&amp;oh=00_AfBhiZcjzOsBe7NR_NDzA9X186qdfVY20H9T9a6H04h7aw&amp;oe=64737FDD&quot;,&quot;320&quot;:&quot;http:\\\/\\\/ard-balade.com\\\/wp-content\\\/uploads\\\/sb-instagram-feed-images\\\/338762088_5657463827693420_1381297036628174915_nlow.jpg&quot;,&quot;640&quot;:&quot;http:\\\/\\\/ard-balade.com\\\/wp-content\\\/uploads\\\/sb-instagram-feed-images\\\/338762088_5657463827693420_1381297036628174915_nfull.jpg&quot;}\">\r\n            <span class=\"sbi-screenreader\">C\u2019est reparti pour un tour ARD#18. \n\nTous \u00e0 vos<\/span>\r\n            \t                    <img src=\"http:\/\/ard-balade.com\/wp-content\/plugins\/instagram-feed\/img\/placeholder.png\" alt=\"C\u2019est reparti pour un tour ARD#18. \n\nTous \u00e0 vos agendas et rendez-vous le samedi 13.05.2023 @vo_cafe \u00e0 Anglet.\n\nOn vous attend nombreux pour f\u00eater l\u2019arriv\u00e9e des beaux jours et profiter d\u2019une belle balade entre ami(e)s.\n\n\ud83d\udd25\ud83d\udd25\ud83d\udd25\ud83d\udd25\ud83d\udd25\ud83d\udd25\ud83d\udd25\ud83d\udd25\ud83d\udd25\ud83d\udd25\n\nR\u00e9alisation visuelle @zuldel @thomasledluz\">\r\n        <\/a>\r\n    <\/div>\r\n<\/div><div class=\"sbi_item sbi_type_carousel sbi_new sbi_transition\" id=\"sbi_17966183881928584\" data-date=\"1665946164\">\r\n    <div class=\"sbi_photo_wrap\">\r\n        <a class=\"sbi_photo\" href=\"https:\/\/www.instagram.com\/p\/CjyQYMfqEy9\/\" target=\"_blank\" rel=\"noopener nofollow\" data-full-res=\"https:\/\/scontent-cdg4-3.cdninstagram.com\/v\/t51.29350-15\/311712292_124911093684711_2093541077345248764_n.jpg?_nc_cat=104&#038;ccb=1-7&#038;_nc_sid=8ae9d6&#038;_nc_ohc=qvSm5QZnYusAX8DZuQ9&#038;_nc_ht=scontent-cdg4-3.cdninstagram.com&#038;edm=ANo9K5cEAAAA&#038;oh=00_AfCJrT6IyCVWLvQvkiEvCqgUeB2WptEKZmRrf8ipK29JeQ&#038;oe=6473A994\" data-img-src-set=\"{&quot;d&quot;:&quot;https:\\\/\\\/scontent-cdg4-3.cdninstagram.com\\\/v\\\/t51.29350-15\\\/311712292_124911093684711_2093541077345248764_n.jpg?_nc_cat=104&amp;ccb=1-7&amp;_nc_sid=8ae9d6&amp;_nc_ohc=qvSm5QZnYusAX8DZuQ9&amp;_nc_ht=scontent-cdg4-3.cdninstagram.com&amp;edm=ANo9K5cEAAAA&amp;oh=00_AfCJrT6IyCVWLvQvkiEvCqgUeB2WptEKZmRrf8ipK29JeQ&amp;oe=6473A994&quot;,&quot;150&quot;:&quot;https:\\\/\\\/scontent-cdg4-3.cdninstagram.com\\\/v\\\/t51.29350-15\\\/311712292_124911093684711_2093541077345248764_n.jpg?_nc_cat=104&amp;ccb=1-7&amp;_nc_sid=8ae9d6&amp;_nc_ohc=qvSm5QZnYusAX8DZuQ9&amp;_nc_ht=scontent-cdg4-3.cdninstagram.com&amp;edm=ANo9K5cEAAAA&amp;oh=00_AfCJrT6IyCVWLvQvkiEvCqgUeB2WptEKZmRrf8ipK29JeQ&amp;oe=6473A994&quot;,&quot;320&quot;:&quot;http:\\\/\\\/ard-balade.com\\\/wp-content\\\/uploads\\\/sb-instagram-feed-images\\\/311712292_124911093684711_2093541077345248764_nlow.jpg&quot;,&quot;640&quot;:&quot;http:\\\/\\\/ard-balade.com\\\/wp-content\\\/uploads\\\/sb-instagram-feed-images\\\/311712292_124911093684711_2093541077345248764_nfull.jpg&quot;}\">\r\n            <span class=\"sbi-screenreader\">Merci \u00e0 tous \u2026\n \nOn a plant\u00e9 le d\u00e9cor pour ce<\/span>\r\n            <svg class=\"svg-inline--fa fa-clone fa-w-16 sbi_lightbox_carousel_icon\" aria-hidden=\"true\" aria-label=\"Clone\" data-fa-pro\u0192cessed=\"\" data-prefix=\"far\" data-icon=\"clone\" role=\"img\" xmlns=\"http:\/\/www.w3.org\/2000\/svg\" viewBox=\"0 0 512 512\">\r\n\t                <path fill=\"currentColor\" d=\"M464 0H144c-26.51 0-48 21.49-48 48v48H48c-26.51 0-48 21.49-48 48v320c0 26.51 21.49 48 48 48h320c26.51 0 48-21.49 48-48v-48h48c26.51 0 48-21.49 48-48V48c0-26.51-21.49-48-48-48zM362 464H54a6 6 0 0 1-6-6V150a6 6 0 0 1 6-6h42v224c0 26.51 21.49 48 48 48h224v42a6 6 0 0 1-6 6zm96-96H150a6 6 0 0 1-6-6V54a6 6 0 0 1 6-6h308a6 6 0 0 1 6 6v308a6 6 0 0 1-6 6z\"><\/path>\r\n\t            <\/svg>\t                    <img src=\"http:\/\/ard-balade.com\/wp-content\/plugins\/instagram-feed\/img\/placeholder.png\" alt=\"Merci \u00e0 tous \u2026\n \nOn a plant\u00e9 le d\u00e9cor pour cette \u00e9dition sp\u00e9ciale et voil\u00e0 le r\u00e9sultat en images !\">\r\n        <\/a>\r\n    <\/div>\r\n<\/div><div class=\"sbi_item sbi_type_image sbi_new sbi_transition\" id=\"sbi_17935381496446290\" data-date=\"1664104920\">\r\n    <div class=\"sbi_photo_wrap\">\r\n        <a class=\"sbi_photo\" href=\"https:\/\/www.instagram.com\/p\/Ci7Ye9SqPK2\/\" target=\"_blank\" rel=\"noopener nofollow\" data-full-res=\"https:\/\/scontent-cdg4-1.cdninstagram.com\/v\/t51.29350-15\/308387921_789710295673648_7602626015970658261_n.jpg?_nc_cat=108&#038;ccb=1-7&#038;_nc_sid=8ae9d6&#038;_nc_ohc=STakkk5-ZT8AX_1CyZ9&#038;_nc_ht=scontent-cdg4-1.cdninstagram.com&#038;edm=ANo9K5cEAAAA&#038;oh=00_AfC5MqZdfm0d5uEJpm_4Gr3armRKUeK84O6_OTesnGgcuw&#038;oe=64746D0C\" data-img-src-set=\"{&quot;d&quot;:&quot;https:\\\/\\\/scontent-cdg4-1.cdninstagram.com\\\/v\\\/t51.29350-15\\\/308387921_789710295673648_7602626015970658261_n.jpg?_nc_cat=108&amp;ccb=1-7&amp;_nc_sid=8ae9d6&amp;_nc_ohc=STakkk5-ZT8AX_1CyZ9&amp;_nc_ht=scontent-cdg4-1.cdninstagram.com&amp;edm=ANo9K5cEAAAA&amp;oh=00_AfC5MqZdfm0d5uEJpm_4Gr3armRKUeK84O6_OTesnGgcuw&amp;oe=64746D0C&quot;,&quot;150&quot;:&quot;https:\\\/\\\/scontent-cdg4-1.cdninstagram.com\\\/v\\\/t51.29350-15\\\/308387921_789710295673648_7602626015970658261_n.jpg?_nc_cat=108&amp;ccb=1-7&amp;_nc_sid=8ae9d6&amp;_nc_ohc=STakkk5-ZT8AX_1CyZ9&amp;_nc_ht=scontent-cdg4-1.cdninstagram.com&amp;edm=ANo9K5cEAAAA&amp;oh=00_AfC5MqZdfm0d5uEJpm_4Gr3armRKUeK84O6_OTesnGgcuw&amp;oe=64746D0C&quot;,&quot;320&quot;:&quot;http:\\\/\\\/ard-balade.com\\\/wp-content\\\/uploads\\\/sb-instagram-feed-images\\\/308387921_789710295673648_7602626015970658261_nlow.jpg&quot;,&quot;640&quot;:&quot;http:\\\/\\\/ard-balade.com\\\/wp-content\\\/uploads\\\/sb-instagram-feed-images\\\/308387921_789710295673648_7602626015970658261_nfull.jpg&quot;}\">\r\n            <span class=\"sbi-screenreader\">\ud83d\udd25 ARD HORS S\u00c9RIE \n\nChose promis chose due, voi<\/span>\r\n            \t                    <img src=\"http:\/\/ard-balade.com\/wp-content\/plugins\/instagram-feed\/img\/placeholder.png\" alt=\"\ud83d\udd25 ARD HORS S\u00c9RIE \n\nChose promis chose due, voil\u00e0 notre premi\u00e8re \u00e9dition sur deux jours !\n\nLe week-end du 15 et 16 octobre on vous propose une balade sur deux jours, attention places limit\u00e9es \u2026 suivre le lien ci-dessous pour s\u2019inscrire !\n\n50 personnes MAX \ud83d\ude80 \n\nhttps:\/\/www.helloasso.com\/associations\/authentic-riding-day\/evenements\/ard-hors-serie-oct-22\">\r\n        <\/a>\r\n    <\/div>\r\n<\/div><div class=\"sbi_item sbi_type_image sbi_new sbi_transition\" id=\"sbi_17918956940433532\" data-date=\"1652642731\">\r\n    <div class=\"sbi_photo_wrap\">\r\n        <a class=\"sbi_photo\" href=\"https:\/\/www.instagram.com\/p\/CdlyF7zKNXw\/\" target=\"_blank\" rel=\"noopener nofollow\" data-full-res=\"https:\/\/scontent-cdg4-1.cdninstagram.com\/v\/t51.29350-15\/281251293_695342061777567_1074646251980010987_n.jpg?_nc_cat=110&#038;ccb=1-7&#038;_nc_sid=8ae9d6&#038;_nc_ohc=v7uktTQmZ3gAX_-vPxT&#038;_nc_ht=scontent-cdg4-1.cdninstagram.com&#038;edm=ANo9K5cEAAAA&#038;oh=00_AfClf77-QLld-3q0b4t0c_Fm7hCoGSCidfBskil-gMkj7Q&#038;oe=647459C1\" data-img-src-set=\"{&quot;d&quot;:&quot;https:\\\/\\\/scontent-cdg4-1.cdninstagram.com\\\/v\\\/t51.29350-15\\\/281251293_695342061777567_1074646251980010987_n.jpg?_nc_cat=110&amp;ccb=1-7&amp;_nc_sid=8ae9d6&amp;_nc_ohc=v7uktTQmZ3gAX_-vPxT&amp;_nc_ht=scontent-cdg4-1.cdninstagram.com&amp;edm=ANo9K5cEAAAA&amp;oh=00_AfClf77-QLld-3q0b4t0c_Fm7hCoGSCidfBskil-gMkj7Q&amp;oe=647459C1&quot;,&quot;150&quot;:&quot;https:\\\/\\\/scontent-cdg4-1.cdninstagram.com\\\/v\\\/t51.29350-15\\\/281251293_695342061777567_1074646251980010987_n.jpg?_nc_cat=110&amp;ccb=1-7&amp;_nc_sid=8ae9d6&amp;_nc_ohc=v7uktTQmZ3gAX_-vPxT&amp;_nc_ht=scontent-cdg4-1.cdninstagram.com&amp;edm=ANo9K5cEAAAA&amp;oh=00_AfClf77-QLld-3q0b4t0c_Fm7hCoGSCidfBskil-gMkj7Q&amp;oe=647459C1&quot;,&quot;320&quot;:&quot;http:\\\/\\\/ard-balade.com\\\/wp-content\\\/uploads\\\/sb-instagram-feed-images\\\/281251293_695342061777567_1074646251980010987_nlow.jpg&quot;,&quot;640&quot;:&quot;http:\\\/\\\/ard-balade.com\\\/wp-content\\\/uploads\\\/sb-instagram-feed-images\\\/281251293_695342061777567_1074646251980010987_nfull.jpg&quot;}\">\r\n            <span class=\"sbi-screenreader\">Une \u00e9dition comme on les aime !\n \nMerci \u00e0 tous p<\/span>\r\n            \t                    <img src=\"http:\/\/ard-balade.com\/wp-content\/plugins\/instagram-feed\/img\/placeholder.png\" alt=\"Une \u00e9dition comme on les aime !\n \nMerci \u00e0 tous pour votre participation et pour la bonne ambiance encore au rendez-vous. \n\nMerci \u00e0 tous nos partenaires @damemousstache @soulkitchen.hossegor @rental_motor_cycle \n\nOn se retrouve pour la prochaine \u00e9dition d\u00e9but Octobre on vous en dit plus tr\u00e8s vite \u270c\ufe0f\ud83d\udd25\">\r\n        <\/a>\r\n    <\/div>\r\n<\/div>    <\/div>\r\n\r\n\t<div id=\"sbi_load\">\r\n\r\n\t\r\n\t    <span class=\"sbi_follow_btn\">\r\n        <a href=\"https:\/\/www.instagram.com\/ard_motorcycles\/\"  target=\"_blank\" rel=\"noopener nofollow\"><svg class=\"svg-inline--fa fa-instagram fa-w-14\" aria-hidden=\"true\" data-fa-processed=\"\" aria-label=\"Instagram\" data-prefix=\"fab\" data-icon=\"instagram\" role=\"img\" viewBox=\"0 0 448 512\">\r\n\t                <path fill=\"currentColor\" d=\"M224.1 141c-63.6 0-114.9 51.3-114.9 114.9s51.3 114.9 114.9 114.9S339 319.5 339 255.9 287.7 141 224.1 141zm0 189.6c-41.1 0-74.7-33.5-74.7-74.7s33.5-74.7 74.7-74.7 74.7 33.5 74.7 74.7-33.6 74.7-74.7 74.7zm146.4-194.3c0 14.9-12 26.8-26.8 26.8-14.9 0-26.8-12-26.8-26.8s12-26.8 26.8-26.8 26.8 12 26.8 26.8zm76.1 27.2c-1.7-35.9-9.9-67.7-36.2-93.9-26.2-26.2-58-34.4-93.9-36.2-37-2.1-147.9-2.1-184.9 0-35.8 1.7-67.6 9.9-93.9 36.1s-34.4 58-36.2 93.9c-2.1 37-2.1 147.9 0 184.9 1.7 35.9 9.9 67.7 36.2 93.9s58 34.4 93.9 36.2c37 2.1 147.9 2.1 184.9 0 35.9-1.7 67.7-9.9 93.9-36.2 26.2-26.2 34.4-58 36.2-93.9 2.1-37 2.1-147.8 0-184.8zM398.8 388c-7.8 19.6-22.9 34.7-42.6 42.6-29.5 11.7-99.5 9-132.1 9s-102.7 2.6-132.1-9c-19.6-7.8-34.7-22.9-42.6-42.6-11.7-29.5-9-99.5-9-132.1s-2.6-102.7 9-132.1c7.8-19.6 22.9-34.7 42.6-42.6 29.5-11.7 99.5-9 132.1-9s102.7-2.6 132.1 9c19.6 7.8 34.7 22.9 42.6 42.6 11.7 29.5 9 99.5 9 132.1s2.7 102.7-9 132.1z\"><\/path>\r\n\t            <\/svg>Suivre sur Instagram<\/a>\r\n    <\/span>\r\n\t\r\n<\/div>\r\n\t    <span class=\"sbi_resized_image_data\" data-feed-id=\"sbi_17841400126956950#6\" data-resized=\"{&quot;17918956940433532&quot;:{&quot;id&quot;:&quot;281251293_695342061777567_1074646251980010987_n&quot;,&quot;ratio&quot;:&quot;1.33&quot;,&quot;sizes&quot;:{&quot;full&quot;:640,&quot;low&quot;:320}},&quot;17935381496446290&quot;:{&quot;id&quot;:&quot;308387921_789710295673648_7602626015970658261_n&quot;,&quot;ratio&quot;:&quot;1.10&quot;,&quot;sizes&quot;:{&quot;full&quot;:640,&quot;low&quot;:320}},&quot;17966183881928584&quot;:{&quot;id&quot;:&quot;311712292_124911093684711_2093541077345248764_n&quot;,&quot;ratio&quot;:&quot;0.80&quot;,&quot;sizes&quot;:{&quot;full&quot;:640,&quot;low&quot;:320}},&quot;17869246514873613&quot;:{&quot;id&quot;:&quot;338762088_5657463827693420_1381297036628174915_n&quot;,&quot;ratio&quot;:&quot;1.00&quot;,&quot;sizes&quot;:{&quot;full&quot;:640,&quot;low&quot;:320}},&quot;18294071161096675&quot;:{&quot;id&quot;:&quot;345751494_104090336021497_7521278091580794847_n&quot;,&quot;ratio&quot;:&quot;1.00&quot;,&quot;sizes&quot;:{&quot;full&quot;:640,&quot;low&quot;:320}},&quot;17938405067650457&quot;:{&quot;id&quot;:&quot;347028724_1295086634430862_1829258654395029378_n&quot;,&quot;ratio&quot;:&quot;0.80&quot;,&quot;sizes&quot;:{&quot;full&quot;:640,&quot;low&quot;:320}}}\">\r\n\t<\/span>\r\n\t        <div id=\"sbi_mod_error\">\r\n            <span>Ce message d\u2019erreur n\u2019est visible que pour les administrateurs de WordPress<\/span><br \/>\r\n\t\t\t<div><strong>There has been a problem with your Instagram Feed.<\/strong><\/div>        <\/div>\r\n\t\t<\/div>\r\n\r\n[\/vc_column_text][\/vc_column][vc_column width=\u00a0\u00bb1\/6&Prime;][\/vc_column][\/vc_row]<\/p>\n","protected":false},"excerpt":{"rendered":"<p>[vc_row row_type=\u00a0\u00bbrow\u00a0\u00bb use_row_as_full_screen_section=\u00a0\u00bbno\u00a0\u00bb type=\u00a0\u00bbfull_width\u00a0\u00bb angled_section=\u00a0\u00bbno\u00a0\u00bb text_align=\u00a0\u00bbleft\u00a0\u00bb background_image_as_pattern=\u00a0\u00bbwithout_pattern\u00a0\u00bb css_animation=\u00a0\u00bb\u00a0\u00bb][vc_column width=\u00a0\u00bb1\/6&Prime;][\/vc_column][vc_column width=\u00a0\u00bb2\/3&Prime;][vc_empty_space][vc_single_image image=\u00a0\u00bb15851&Prime; img_size=\u00a0\u00bbfull\u00a0\u00bb alignment=\u00a0\u00bbcenter\u00a0\u00bb qode_css_animation=\u00a0\u00bb\u00a0\u00bb][vc_separator type=\u00a0\u00bbtransparent\u00a0\u00bb up=\u00a0\u00bb23&Prime; down=\u00a0\u00bb0&Prime;][vc_column_text] SUIVEZ NOTRE INSTAGRAM [\/vc_column_text][vc_separator type=\u00a0\u00bbtransparent\u00a0\u00bb up=\u00a0\u00bb15&Prime; down=\u00a0\u00bb0&Prime;][vc_column_text][\/vc_column_text][\/vc_column][vc_column width=\u00a0\u00bb1\/6&Prime;][\/vc_column][\/vc_row]<\/p>\n","protected":false},"author":1,"featured_media":0,"parent":0,"menu_order":0,"comment_status":"open","ping_status":"open","template":"full_width.php","meta":[],"_links":{"self":[{"href":"http:\/\/ard-balade.com\/index.php\/wp-json\/wp\/v2\/pages\/15255"}],"collection":[{"href":"http:\/\/ard-balade.com\/index.php\/wp-json\/wp\/v2\/pages"}],"about":[{"href":"http:\/\/ard-balade.com\/index.php\/wp-json\/wp\/v2\/types\/page"}],"author":[{"embeddable":true,"href":"http:\/\/ard-balade.com\/index.php\/wp-json\/wp\/v2\/users\/1"}],"replies":[{"embeddable":true,"href":"http:\/\/ard-balade.com\/index.php\/wp-json\/wp\/v2\/comments?post=15255"}],"version-history":[{"count":29,"href":"http:\/\/ard-balade.com\/index.php\/wp-json\/wp\/v2\/pages\/15255\/revisions"}],"predecessor-version":[{"id":16444,"href":"http:\/\/ard-balade.com\/index.php\/wp-json\/wp\/v2\/pages\/15255\/revisions\/16444"}],"wp:attachment":[{"href":"http:\/\/ard-balade.com\/index.php\/wp-json\/wp\/v2\/media?parent=15255"}],"curies":[{"name":"wp","href":"https:\/\/api.w.org\/{rel}","templated":true}]}}